{"id":413,"date":"2023-02-14T21:45:32","date_gmt":"2023-02-14T21:45:32","guid":{"rendered":"https:\/\/askomiettinen.fi\/?page_id=413"},"modified":"2023-02-14T21:49:16","modified_gmt":"2023-02-14T21:49:16","slug":"asko","status":"publish","type":"page","link":"https:\/\/askomiettinen.fi\/index.php\/asko\/","title":{"rendered":"Asko"},"content":{"rendered":"<p>[et_pb_section fb_built=&#8221;1&#8243; _builder_version=&#8221;4.19.5&#8243; _module_preset=&#8221;default&#8221; global_colors_info=&#8221;{}&#8221;][et_pb_row _builder_version=&#8221;4.19.5&#8243; _module_preset=&#8221;default&#8221; global_colors_info=&#8221;{}&#8221;][et_pb_column type=&#8221;4_4&#8243; _builder_version=&#8221;4.19.5&#8243; _module_preset=&#8221;default&#8221; global_colors_info=&#8221;{}&#8221;][et_pb_image src=&#8221;https:\/\/askomiettinen.fi\/wp-content\/uploads\/2023\/02\/20200523_204800-scaled.jpg&#8221; title_text=&#8221;20200523_204800&#8243; _builder_version=&#8221;4.19.5&#8243; _module_preset=&#8221;default&#8221; global_colors_info=&#8221;{}&#8221;][\/et_pb_image][\/et_pb_column][\/et_pb_row][et_pb_row column_structure=&#8221;3_5,2_5&#8243; _builder_version=&#8221;4.19.5&#8243; _module_preset=&#8221;default&#8221; global_colors_info=&#8221;{}&#8221;][et_pb_column type=&#8221;3_5&#8243; _builder_version=&#8221;4.19.5&#8243; _module_preset=&#8221;default&#8221; global_colors_info=&#8221;{}&#8221;][et_pb_text _builder_version=&#8221;4.19.5&#8243; _module_preset=&#8221;default&#8221; global_colors_info=&#8221;{}&#8221;]<\/p>\n<h1>Mik\u00e4 mies?<\/h1>\n<p><span>Asko on aina ollut tavoitteellinen tekemisiss\u00e4\u00e4n. Maatila h\u00e4nen elinkeinonaan ja elinymp\u00e4rist\u00f6n\u00e4\u00e4n oikeastaan on vaatinut sit\u00e4 &#8211; peukaloita py\u00f6ritt\u00e4m\u00e4ll\u00e4 ei pitk\u00e4lle p\u00f6tkit\u00e4. Ty\u00f6n tekemisen oppi on jo saatu lapsena kotitilalla Sulkavalla. Maatalouspolitiikan opintojen j\u00e4lkeen alkoi tutkijan ty\u00f6 maatalous- ja ymp\u00e4rist\u00f6ekonomian alalla, joka jatkui kymmenkunta vuotta. Sitten tuli mahdollisuus maatilan sukupolvenvaihdokseen. \u00a0Asko on 56-vuotias kolmen lapsen is\u00e4 ja nykyisin h\u00e4n pit\u00e4\u00e4 maitotilaa Joensuun S\u00e4rkivaarassa yhdess\u00e4 vaimonsa Maritan kanssa. Lapset ovat jo aikuisia ty\u00f6el\u00e4m\u00e4ss\u00e4 ja opiskelemassa tahoillaan.<\/span><\/p>\n<p><span>Asko Miettisen ajattelun ja toiminnan perustana aina on rehellisyys, luotettavuus ja p\u00e4\u00e4tt\u00e4v\u00e4isyys unohtamatta huumorintajua. Luterilainen oppi armosta antaa puitteet Askon el\u00e4m\u00e4npolulle ja keskustalainen aate on juurtunut jo vesaisissa. Keskustalainen toiminta sai jatkoa opiskeluaikana Helsingiss\u00e4, HOKN:ss\u00e4 ja sittemmin Helsingin piirin paikallisosaston pj:n\u00e4 ja kunnallisj\u00e4rjest\u00f6ss\u00e4. Joensuun kaupunginvaltuutettuna h\u00e4n on ollut vuodesta 2017 ja varavaltuutettuna 2021 l\u00e4htien. Lis\u00e4ksi h\u00e4n toimii aktiivisesti maa- ja mets\u00e4talouden edunvalvojana MTK:n keskusliiton johtokunnassa sek\u00e4 MTK:n maitovaliokunnan puheenjohtajana.<\/span><\/p>\n<p>Asko ja Marita Miettinen asuvat Suorannan tilalla Joensuun S\u00e4rkivaarassa noin 20 km torilta it\u00e4\u00e4n p\u00e4in. S\u00e4rkivaaran kyl\u00e4 on aktiivinen kyl\u00e4, jossa aiemmin asutusta vallitsi maatilat &#8211; nyttemmin omakotitalot, joita rakennetaan kyl\u00e4lle vuosittain. Suorannan tila koostuu talouskeskuksesta, pelloista ja mets\u00e4st\u00e4. P\u00e4\u00e4toimeentulo tulee maidontuotannosta, mutta mets\u00e4taloudellakin on oma merkityksens\u00e4 tilan taloudessa. Asko ja Marita Miettisen apuna on yksi palkattu ty\u00f6ntekij\u00e4 ja kes\u00e4aikaan apuna on omaa nuorisoa ja urakoitsijoita.<\/p>\n<p>Asko on koulutukseltaan maatalous-mets\u00e4tieteiden maisteri (MMM) ja agronomi, p\u00e4\u00e4aineenaan maatalouspolitiikka. Opintojen j\u00e4lkeen h\u00e4n on toiminut tutkijanan Vesi- ja ymp\u00e4rist\u00f6hallituksessa (nyk. Syke) ja p\u00e4\u00e4ty\u00f6n\u00e4\u00e4n tutkijana ja ymp\u00e4rist\u00f6talouden tutkimusalueen johtajana Maatalouden taloudellisessa tutkimuslaitoksessa, MTTL (nyk LUKEn taloustutkimus). P\u00e4\u00e4kaupunkiseudulta Asko perheineen muutti Pohjois-Karjalaan vuonna 1998 ja aloitti yritysneuvojana Pohjois-Karjalan Maaseutukeskuksessa. Vuonna 1999 Asko ja Marita ostivat maatilan ja aloittivat lypsykarjan pit\u00e4misen. Maaseutukeskuksen ty\u00f6st\u00e4 Asko j\u00e4tt\u00e4ytyi pois vuonna 2002.<\/p>\n<p>&nbsp;<\/p>\n<h2>Luottamustoimia:<\/h2>\n<ul>\n<li>hallituksen j\u00e4sen, KKOY ry 1987-88<o:p><\/o:p><\/li>\n<li>puheenjohtaja, Viikin keskustalaari, Helsinki 1989-90<o:p><\/o:p><\/li>\n<li>johtokunnan j\u00e4sen, Helsingin opiskelevat keskustanuoret ry 1989-90<o:p><\/o:p><\/li>\n<li>johtokunnan j\u00e4sen, MTK Kiihtelysvaara 2000-<o:p><\/o:p><\/li>\n<li>johtokunnan puheenjohtaja, MTK Kiihtelysvaara 2001-<o:p><\/o:p><\/li>\n<li>johtokunnan j\u00e4sen, S\u00e4rkivaaran mets\u00e4stysseura. ry. 2002-<o:p><\/o:p><\/li>\n<li>johtokunnan puheenjohtaja, S\u00e4rkivaaran mets\u00e4stysseura ry 2013-2019<o:p><\/o:p><\/li>\n<li>edustajiston j\u00e4sen, Osuuskunta Lihakunta 2012-2014<o:p><\/o:p><\/li>\n<li>hallinnontarkastaja, Osuuskunta Lihakunta 2013-2014<o:p><\/o:p><\/li>\n<li>hallintoneuvoston j\u00e4sen, Osuuskunta Lihakunta, 2015-<o:p><\/o:p><\/li>\n<li>johtokunnan puheenjohtaja, Keskustan S\u00e4rkivaaran po. 2017-<o:p><\/o:p><\/li>\n<li>kaupunginvaltuutettu (kesk.), Joensuun kaupunginvaltuusto 2017-2021<o:p><\/o:p><\/li>\n<li>maakuntavaltuutettu (kesk.), Pohjois-Karjalan maakuntavaltuusto 2017-2019<o:p><\/o:p><\/li>\n<li>tarkastuslautakunnan j\u00e4sen, Pohjois-Karjalan maakuntahallinto 2017-2019<o:p><\/o:p><\/li>\n<li>hallituksen puheenjohtaja, Joensuun Tiedepuisto Oy 2017-2019<o:p><\/o:p><\/li>\n<li>hallituksen j\u00e4sen, Siun Ty\u00f6terveys Oy, 2019-21<o:p><\/o:p><\/li>\n<li>johtokunnan j\u00e4sen, Maa- ja mets\u00e4taloustuottajien keskusliitto, MTK ry. 2019-<o:p><\/o:p><\/li>\n<li>puheenjohtaja, MTK:n maitovaliokunta 2019-<o:p><\/o:p><\/li>\n<li>j\u00e4sen, MTK:n ymp\u00e4rist\u00f6- ja maank\u00e4ytt\u00f6valiokunta 2019-2020<o:p><\/o:p><\/li>\n<li>hallintoneuvoston j\u00e4sen, Viestimedia Oy 2019-<o:p><\/o:p><\/li>\n<li>hallituksen puheenjohtaja, Business Joensuu Oy, 8\/2019-21<o:p><\/o:p><\/li>\n<li>edustajiston j\u00e4sen, El\u00e4keturvakeskus 2020-<o:p><\/o:p><\/li>\n<li>j\u00e4sen, Lomitusasian neuvottelukunta 2020-<o:p><\/o:p><\/li>\n<li>varaj\u00e4sen, MTK:n ymp\u00e4rist\u00f6- ja maank\u00e4ytt\u00f6valiokunta, 2021-22<o:p><\/o:p><\/li>\n<li>varaj\u00e4sen, MTK:n luomuverkosto, 2021-22<o:p><\/o:p><\/li>\n<li>varavaltuutettu (kesk.), Joensuun kaupunginvaltuusto 2021-<o:p><\/o:p><\/li>\n<li>hallituksen puheenjohtaja, Pohjois-Karjalan tukipalvelut, Polkka Oy, 2021-<o:p><\/o:p><\/li>\n<\/ul>\n<p>[\/et_pb_text][\/et_pb_column][et_pb_column type=&#8221;2_5&#8243; _builder_version=&#8221;4.19.5&#8243; _module_preset=&#8221;default&#8221; global_colors_info=&#8221;{}&#8221;][et_pb_gallery gallery_ids=&#8221;90,382,377,361,126,384,50,53&#8243; _builder_version=&#8221;4.19.5&#8243; _module_preset=&#8221;default&#8221; global_colors_info=&#8221;{}&#8221;][\/et_pb_gallery][\/et_pb_column][\/et_pb_row][\/et_pb_section]<\/p>\n","protected":false},"excerpt":{"rendered":"<p>Mik\u00e4 mies? Asko on aina ollut tavoitteellinen tekemisiss\u00e4\u00e4n. Maatila h\u00e4nen elinkeinonaan ja elinymp\u00e4rist\u00f6n\u00e4\u00e4n oikeastaan on vaatinut sit\u00e4 &#8211; peukaloita py\u00f6ritt\u00e4m\u00e4ll\u00e4 ei pitk\u00e4lle p\u00f6tkit\u00e4. Ty\u00f6n tekemisen oppi on jo saatu lapsena [&hellip;]<\/p>\n","protected":false},"author":1,"featured_media":379,"parent":0,"menu_order":0,"comment_status":"closed","ping_status":"closed","template":"","meta":{"_et_pb_use_builder":"on","_et_pb_old_content":"","_et_gb_content_width":"","_EventAllDay":false,"_EventTimezone":"","_EventStartDate":"","_EventEndDate":"","_EventStartDateUTC":"","_EventEndDateUTC":"","_EventShowMap":false,"_EventShowMapLink":false,"_EventURL":"","_EventCost":"","_EventCostDescription":"","_EventCurrencySymbol":"","_EventCurrencyCode":"","_EventCurrencyPosition":"","_EventDateTimeSeparator":"","_EventTimeRangeSeparator":"","_EventOrganizerID":[],"_EventVenueID":[],"_OrganizerEmail":"","_OrganizerPhone":"","_OrganizerWebsite":"","_VenueAddress":"","_VenueCity":"","_VenueCountry":"","_VenueProvince":"","_VenueState":"","_VenueZip":"","_VenuePhone":"","_VenueURL":"","_VenueStateProvince":"","_VenueLat":"","_VenueLng":"","_VenueShowMap":false,"_VenueShowMapLink":false,"footnotes":""},"class_list":["post-413","page","type-page","status-publish","has-post-thumbnail","hentry"],"_links":{"self":[{"href":"https:\/\/askomiettinen.fi\/index.php\/wp-json\/wp\/v2\/pages\/413","targetHints":{"allow":["GET"]}}],"collection":[{"href":"https:\/\/askomiettinen.fi\/index.php\/wp-json\/wp\/v2\/pages"}],"about":[{"href":"https:\/\/askomiettinen.fi\/index.php\/wp-json\/wp\/v2\/types\/page"}],"author":[{"embeddable":true,"href":"https:\/\/askomiettinen.fi\/index.php\/wp-json\/wp\/v2\/users\/1"}],"replies":[{"embeddable":true,"href":"https:\/\/askomiettinen.fi\/index.php\/wp-json\/wp\/v2\/comments?post=413"}],"version-history":[{"count":5,"href":"https:\/\/askomiettinen.fi\/index.php\/wp-json\/wp\/v2\/pages\/413\/revisions"}],"predecessor-version":[{"id":420,"href":"https:\/\/askomiettinen.fi\/index.php\/wp-json\/wp\/v2\/pages\/413\/revisions\/420"}],"wp:featuredmedia":[{"embeddable":true,"href":"https:\/\/askomiettinen.fi\/index.php\/wp-json\/wp\/v2\/media\/379"}],"wp:attachment":[{"href":"https:\/\/askomiettinen.fi\/index.php\/wp-json\/wp\/v2\/media?parent=413"}],"curies":[{"name":"wp","href":"https:\/\/api.w.org\/{rel}","templated":true}]}}